{"id":23,"date":"2021-03-02T10:50:45","date_gmt":"2021-03-02T10:50:45","guid":{"rendered":"http:\/\/eng.karecivata.com\/?page_id=23"},"modified":"2021-09-27T16:18:06","modified_gmt":"2021-09-27T16:18:06","slug":"contact","status":"publish","type":"page","link":"http:\/\/eng.karecivata.com\/?page_id=23","title":{"rendered":"CONTACT"},"content":{"rendered":"\t\t<div data-elementor-type=\"wp-page\" data-elementor-id=\"23\" class=\"elementor elementor-23\" data-elementor-settings=\"[]\">\n\t\t\t\t\t\t\t<div class=\"elementor-section-wrap\">\n\t\t\t\t\t\n<style>.z{display:none!important;}<\/style>\n<div class=\"z\">X<\/div>\n\t\t<section class=\"elementor-section elementor-top-section elementor-element elementor-element-6aaeec90 elementor-section-boxed elementor-section-height-default elementor-section-height-default\" data-id=\"6aaeec90\" data-element_type=\"section\">\n\t\t\t\t\t\t<div class=\"elementor-container elementor-column-gap-default\">\n\t\t\t\t\t<div class=\"elementor-column elementor-col-100 elementor-top-column elementor-element elementor-element-7eb69999\" data-id=\"7eb69999\" data-element_type=\"column\">\n\t\t\t<div class=\"elementor-widget-wrap elementor-element-populated\">\n\t\t\t\t\t\t\t\t<div class=\"elementor-element elementor-element-2b11c6d3 elementor-widget elementor-widget-text-editor\" data-id=\"2b11c6d3\" data-element_type=\"widget\" data-widget_type=\"text-editor.default\">\n\t\t\t\t<div class=\"elementor-widget-container\">\n\t\t\t\t\t<div class=\"elementor-text-editor elementor-clearfix\"><p><!-- wp:paragraph --><\/p>\n<p style=\"text-align: center;\">KARE C\u0130VATA BA\u011eLANTI ELEMANLARI SANAY\u0130 T\u0130CARET L\u0130M\u0130TED \u015e\u0130RKET\u0130<\/p>\n<p><!-- \/wp:paragraph --><\/p>\n<p><!-- wp:separator --><\/p>\n<hr class=\"wp-block-separator\" \/>\n<p><!-- \/wp:separator --><\/p>\n<p><!-- wp:paragraph --><\/p>\n<p>Telephone\u00a0 \u00a0 : 0212 438 82 84\u00a0 &#8211; 0542 619 67 76<br \/>Mobile\u00a0 \u00a0 \u00a0 \u00a0 \u00a0 : +90 544 545 45 61<br \/>Mail\u00a0 \u00a0 \u00a0 \u00a0 \u00a0 \u00a0 \u00a0 \u00a0: info@karecivata.com<br \/>Sales\u00a0 \u00a0 \u00a0 \u00a0 \u00a0 \u00a0 \u00a0: satis@karecivata.com\u00a0<br \/>Accounting\u00a0 : muhasebe@karecivata.com<br \/>Address\u00a0 \u00a0 \u00a0 \u00a0 : \u0130kitelli O.S.B. Atat\u00fcrk Oto Sanayi Sitesi 4 Blok No:106\u00a0 Ba\u015fak\u015fehir \/ \u0130STANBUL<\/p>\n<p><!-- \/wp:paragraph --><\/p>\n<p><!-- wp:shortcode --><\/p>\n<p><iframe style=\"border: 0;\" src=\"https:\/\/www.google.com\/maps\/embed?pb=!1m18!1m12!1m3!1d6014.6098457459475!2d28.78826457726052!3d41.08418386717237!2m3!1f0!2f0!3f0!3m2!1i1024!2i768!4f13.1!3m3!1m2!1s0x14caaf66d0e1028f%3A0xe01d78d7c78b9a01!2sKare+Civata+Ba%C4%9Flant%C4%B1+Elemanlar%C4%B1+San.+Tic.+Ltd.+%C5%9Eti.!5e0!3m2!1str!2str!4v1521747390817\" width=\"650\" height=\"450\" frameborder=\"0\" allowfullscreen=\"allowfullscreen\"><span data-mce-type=\"bookmark\" style=\"display: inline-block; width: 0px; overflow: hidden; line-height: 0;\" class=\"mce_SELRES_start\">?<\/span><span data-mce-type=\"bookmark\" style=\"display: inline-block; width: 0px; overflow: hidden; line-height: 0;\" class=\"mce_SELRES_start\">?<\/span><span data-mce-type=\"bookmark\" style=\"display: inline-block; width: 0px; overflow: hidden; line-height: 0;\" class=\"mce_SELRES_start\">?<\/span><\/iframe><\/p>\n<p><!-- \/wp:shortcode --><\/p><\/div>\n\t\t\t\t<\/div>\n\t\t\t\t<\/div>\n\t\t\t\t\t<\/div>\n\t\t<\/div>\n\t\t\t\t\t\t\t<\/div>\n\t\t<\/section>\n\t\t\t\t\t\t<\/div>\n\t\t\t\t\t<\/div>\n\t\t","protected":false},"excerpt":{"rendered":"<p>KARE C\u0130VATA BA\u011eLANTI ELEMANLARI SANAY\u0130 T\u0130CARET L\u0130M\u0130TED \u015e\u0130RKET\u0130 Telephone\u00a0 \u00a0 : 0212 438 82 84\u00a0 &#8211; 0542 619 67 76Mobile\u00a0 \u00a0 \u00a0 \u00a0 \u00a0 : +90 544 545 45 61Mail\u00a0 \u00a0 \u00a0 \u00a0 \u00a0 \u00a0 \u00a0 \u00a0: info@karecivata.comSales\u00a0 \u00a0 \u00a0 \u00a0 \u00a0 \u00a0 \u00a0: satis@karecivata.com\u00a0Accounting\u00a0 : muhasebe@karecivata.comAddress\u00a0 \u00a0 \u00a0 \u00a0 : \u0130kitelli O.S.B. Atat\u00fcrk Oto&#8230;<\/p>\n","protected":false},"author":1,"featured_media":0,"parent":0,"menu_order":0,"comment_status":"closed","ping_status":"closed","template":"","meta":[],"_links":{"self":[{"href":"http:\/\/eng.karecivata.com\/index.php?rest_route=\/wp\/v2\/pages\/23"}],"collection":[{"href":"http:\/\/eng.karecivata.com\/index.php?rest_route=\/wp\/v2\/pages"}],"about":[{"href":"http:\/\/eng.karecivata.com\/index.php?rest_route=\/wp\/v2\/types\/page"}],"author":[{"embeddable":true,"href":"http:\/\/eng.karecivata.com\/index.php?rest_route=\/wp\/v2\/users\/1"}],"replies":[{"embeddable":true,"href":"http:\/\/eng.karecivata.com\/index.php?rest_route=%2Fwp%2Fv2%2Fcomments&post=23"}],"version-history":[{"count":25,"href":"http:\/\/eng.karecivata.com\/index.php?rest_route=\/wp\/v2\/pages\/23\/revisions"}],"predecessor-version":[{"id":186,"href":"http:\/\/eng.karecivata.com\/index.php?rest_route=\/wp\/v2\/pages\/23\/revisions\/186"}],"wp:attachment":[{"href":"http:\/\/eng.karecivata.com\/index.php?rest_route=%2Fwp%2Fv2%2Fmedia&parent=23"}],"curies":[{"name":"wp","href":"https:\/\/api.w.org\/{rel}","templated":true}]}}